{"id":126,"date":"2016-09-07T14:18:34","date_gmt":"2016-09-07T14:18:34","guid":{"rendered":"http:\/\/mediaproductiv.de\/?page_id=126"},"modified":"2025-03-11T14:18:48","modified_gmt":"2025-03-11T14:18:48","slug":"was-ist-los-in-rheda-wiedenbrueck","status":"publish","type":"page","link":"https:\/\/mediaproductiv.de\/?page_id=126","title":{"rendered":"&#8222;Das ist los in Rheda-Wiedenbr\u00fcck &#8222;"},"content":{"rendered":"<p>&nbsp;<\/p>\n<p>&nbsp;<\/p>\n<p><img loading=\"lazy\" decoding=\"async\" class=\"alignnone  wp-image-1240 aligncenter\" src=\"http:\/\/mediaproductiv.de\/wp-content\/uploads\/2022\/01\/Aktions-Logo-300x143.png\" alt=\"\" width=\"655\" height=\"312\" srcset=\"https:\/\/mediaproductiv.de\/wp-content\/uploads\/2022\/01\/Aktions-Logo-300x143.png 300w, https:\/\/mediaproductiv.de\/wp-content\/uploads\/2022\/01\/Aktions-Logo-600x287.png 600w, https:\/\/mediaproductiv.de\/wp-content\/uploads\/2022\/01\/Aktions-Logo-1024x489.png 1024w, https:\/\/mediaproductiv.de\/wp-content\/uploads\/2022\/01\/Aktions-Logo-768x367.png 768w, https:\/\/mediaproductiv.de\/wp-content\/uploads\/2022\/01\/Aktions-Logo-1536x734.png 1536w, https:\/\/mediaproductiv.de\/wp-content\/uploads\/2022\/01\/Aktions-Logo.png 2000w\" sizes=\"auto, (max-width: 655px) 100vw, 655px\" \/><\/p>\n<h3>&nbsp;<\/h3>\n<h4><span style=\"color: #bb3517;\">Buchen Sie einen Ank\u00fcndigungsspot und freuen Sie sich auf tolle Ergebnisse!<\/span><\/h4>\n<p><strong><span style=\"color: #000000;\">Dabei sein ist g\u00fcnstig, denn f\u00fcr nur 220 Euro Schaltgeb\u00fchr zzgl. MwSt. kann man Ihren Ank\u00fcndigungsspot f\u00fcr mindestens 2 Wochen rund um die Uhr auf Facebook sehen und h\u00f6ren . Diese digitale Anzeige wird dann noch \u00fcber Facebook geboostet d.h. zus\u00e4tzlich beworben. Geeignet f\u00fcr<\/span><\/strong><\/p>\n<ul>\n<li>Tanz Veranstaltungen<\/li>\n<li>Messe, Hausmesse<\/li>\n<li>Sonderverk\u00e4ufe<\/li>\n<li>Produkt Pr\u00e4sentationen<\/li>\n<li>Dienstleistungen alle Art<\/li>\n<li>Sonderverk\u00e4ufe<\/li>\n<li>Flohm\u00e4rkte<\/li>\n<li>kirchliche Veranstaltungen<\/li>\n<li>Gastronomie z.B. Restaurants mit saisonalen Sonderangeboten<\/li>\n<li>Sch\u00fctzenfeste, Feuerwehrfeste<\/li>\n<li>Stadtteilfeste<\/li>\n<li>Sportveranstaltungen aller Art<\/li>\n<li>Benefiz Veranstaltungen<\/li>\n<li>Konzerte<\/li>\n<li>uvm.<\/li>\n<\/ul>\n<p><strong>Hier die Preise und Bedingungen:<\/strong><\/p>\n<p><strong>Bedingungen :<\/strong><\/p>\n<p>Bestimmen sie wann Sie ihre Anzeige einstellen wollen &#8211; Sie k\u00f6nnen es an jedem Tag der Woche tun f\u00fcr jeweils 14 Tage .L\u00e4nge pro Anzeige bis zu&nbsp; 60 Sekunden. F\u00fcr Richtigkeit der Inhalte des zur Verf\u00fcgung gestellten Materials haftet der Auftraggeber. Das gilt ebenfalls f\u00fcr evtl. Urheberrechtsverletzungen seitens des Auftraggebers. Wir haften nicht f\u00fcr Fehler in Ank\u00fcndigungen . <strong>Preis pro Spot 220 \u20ac zzgl. MwSt.<\/strong><\/p>\n<p><strong>Video Spotproduktion<\/strong><\/p>\n<p><strong>Falls Sie keinen fertigen Spot\/Anzeige&nbsp; haben, produzieren wir Ihnen gerne einen. Ein einfaches Video bestehend aus Fotos, Untertiteln und eingereichten O-T\u00f6nen sowie der Verwendung von bestehenden Videosequenzen&nbsp; bis ca. 60 Sekunden kostet 180 \u20ac zzgl. MwSt. Alles andere nach Aufwand und Absprache.<\/strong><\/p>\n<p>Gerne setzen wir auch andere Video Werbeformen mit Ihnen um wie z.B. ein <strong>Promo Interview<\/strong> . Preis bis 5 Minuten inkl. Anfahrt innerhalb Rheda -Wiedenbr\u00fcck, <strong>Preis 360 \u20ac zzgl. MwSt.<\/strong><\/p>\n<p>&nbsp;<\/p>\n<p>&nbsp;<\/p>\n<p><strong><a href=\"https:\/\/www.facebook.com\/Das-ist-los-in-Rheda-Wiedenbr%C3%BCck-1127044424056457\/\"><img loading=\"lazy\" decoding=\"async\" class=\"wp-image-1252 aligncenter\" src=\"http:\/\/mediaproductiv.de\/wp-content\/uploads\/2022\/01\/logo-quadrat-300x287.png\" alt=\"\" width=\"178\" height=\"170\" srcset=\"https:\/\/mediaproductiv.de\/wp-content\/uploads\/2022\/01\/logo-quadrat-300x287.png 300w, https:\/\/mediaproductiv.de\/wp-content\/uploads\/2022\/01\/logo-quadrat-600x574.png 600w, https:\/\/mediaproductiv.de\/wp-content\/uploads\/2022\/01\/logo-quadrat-768x734.png 768w, https:\/\/mediaproductiv.de\/wp-content\/uploads\/2022\/01\/logo-quadrat.png 1000w\" sizes=\"auto, (max-width: 178px) 100vw, 178px\" \/><\/a><\/strong><\/p>\n<p style=\"text-align: center;\"><strong>&nbsp; &nbsp; <a href=\"https:\/\/www.facebook.com\/Das-ist-los-in-Rheda-Wiedenbr%C3%BCck-1127044424056457\/\"><span style=\"color: #bb3517;\">Auf das Logo klicken und ab zur Facebook Seite &#8230;<\/span><\/a><\/strong><\/p>\n<p>&nbsp;<\/p>\n\n\n<div class=\"wpcf7 no-js\" id=\"wpcf7-f2091-o1\" lang=\"de-DE\" dir=\"ltr\" data-wpcf7-id=\"2091\">\n<div class=\"screen-reader-response\"><p role=\"status\" aria-live=\"polite\" aria-atomic=\"true\"><\/p> <ul><\/ul><\/div>\n<form action=\"\/index.php?rest_route=%2Fwp%2Fv2%2Fpages%2F126#wpcf7-f2091-o1\" method=\"post\" class=\"wpcf7-form init\" aria-label=\"Kontaktformular\" novalidate=\"novalidate\" data-status=\"init\">\n<div style=\"display: none;\">\n<input type=\"hidden\" name=\"_wpcf7\" value=\"2091\" \/>\n<input type=\"hidden\" name=\"_wpcf7_version\" value=\"6.0.5\" \/>\n<input type=\"hidden\" name=\"_wpcf7_locale\" value=\"de_DE\" \/>\n<input type=\"hidden\" name=\"_wpcf7_unit_tag\" value=\"wpcf7-f2091-o1\" \/>\n<input type=\"hidden\" name=\"_wpcf7_container_post\" value=\"0\" \/>\n<input type=\"hidden\" name=\"_wpcf7_posted_data_hash\" value=\"\" \/>\n<\/div>\n<p><label> Firmenname<br \/>\n<span class=\"wpcf7-form-control-wrap\" data-name=\"firmenname\"><input size=\"40\" maxlength=\"400\" class=\"wpcf7-form-control wpcf7-text wpcf7-validates-as-required\" autocomplete=\"name\" aria-required=\"true\" aria-invalid=\"false\" value=\"\" type=\"text\" name=\"firmenname\" \/><\/span> <\/label>\n<\/p>\n<p><label> Ansprechpartner*<br \/>\n<span class=\"wpcf7-form-control-wrap\" data-name=\"ansprechpartner\"><input size=\"40\" maxlength=\"400\" class=\"wpcf7-form-control wpcf7-text wpcf7-validates-as-required\" autocomplete=\"name\" aria-required=\"true\" aria-invalid=\"false\" value=\"\" type=\"text\" name=\"ansprechpartner\" \/><\/span> <\/label>\n<\/p>\n<p><label>E-Mail*<br \/>\n<span class=\"wpcf7-form-control-wrap\" data-name=\"your-email\"><input size=\"40\" maxlength=\"400\" class=\"wpcf7-form-control wpcf7-email wpcf7-validates-as-required wpcf7-text wpcf7-validates-as-email\" autocomplete=\"email\" aria-required=\"true\" aria-invalid=\"false\" value=\"\" type=\"email\" name=\"your-email\" \/><\/span> <\/label>\n<\/p>\n<p><label>Telefon*<br \/>\n<span class=\"wpcf7-form-control-wrap\" data-name=\"telefonnummer\"><input size=\"40\" maxlength=\"400\" class=\"wpcf7-form-control wpcf7-tel wpcf7-text wpcf7-validates-as-tel\" aria-invalid=\"false\" value=\"\" type=\"tel\" name=\"telefonnummer\" \/><\/span><\/label>\n<\/p>\n<p><label>Auswahl des Angebots*<br \/>\n<span class=\"wpcf7-form-control-wrap\" data-name=\"bestellung\"><select class=\"wpcf7-form-control wpcf7-select wpcf7-validates-as-required\" aria-required=\"true\" aria-invalid=\"false\" name=\"bestellung\"><option value=\"Bitte um R\u00fcckruf (Induviduelles Angebot)\">Bitte um R\u00fcckruf (Induviduelles Angebot)<\/option><option value=\"Spot bis zu 60 sek. 120\u20ac zzgl. Mwst.\">Spot bis zu 60 sek. 120\u20ac zzgl. Mwst.<\/option><option value=\"Promo-Interview 225\u20ac zzgl. Mwst.\">Promo-Interview 225\u20ac zzgl. Mwst.<\/option><\/select><\/span><\/label>\n<\/p>\n<p><span class=\"wpcf7-form-control-wrap\" data-name=\"acceptance\"><span class=\"wpcf7-form-control wpcf7-acceptance\"><span class=\"wpcf7-list-item\"><label><input type=\"checkbox\" name=\"acceptance\" value=\"1\" aria-invalid=\"false\" \/><span class=\"wpcf7-list-item-label\">Ich habe die Datenschutzerkl\u00e4rung gelesen und zur Kenntnis genommen.<\/span><\/label><\/span><\/span><\/span>\n<\/p>\n<p><input class=\"wpcf7-form-control wpcf7-submit has-spinner\" type=\"submit\" value=\"Abschicken\" \/>\n<\/p><div class=\"wpcf7-response-output\" aria-hidden=\"true\"><\/div>\n<\/form>\n<\/div>\n\n","protected":false},"excerpt":{"rendered":"<p>&nbsp; &nbsp; &nbsp; Buchen Sie einen Ank\u00fcndigungsspot und freuen Sie sich auf tolle Ergebnisse! Dabei sein ist g\u00fcnstig, denn f\u00fcr nur 220 Euro Schaltgeb\u00fchr zzgl. MwSt. kann man Ihren Ank\u00fcndigungsspot f\u00fcr mindestens 2 Wochen rund um die Uhr auf Facebook&hellip; <\/p>\n","protected":false},"author":1,"featured_media":0,"parent":0,"menu_order":0,"comment_status":"closed","ping_status":"closed","template":"","meta":{"ngg_post_thumbnail":0,"jetpack_post_was_ever_published":false,"footnotes":""},"class_list":["post-126","page","type-page","status-publish","hentry"],"jetpack_sharing_enabled":true,"jetpack_shortlink":"https:\/\/wp.me\/P7o17P-22","_links":{"self":[{"href":"https:\/\/mediaproductiv.de\/index.php?rest_route=\/wp\/v2\/pages\/126","targetHints":{"allow":["GET"]}}],"collection":[{"href":"https:\/\/mediaproductiv.de\/index.php?rest_route=\/wp\/v2\/pages"}],"about":[{"href":"https:\/\/mediaproductiv.de\/index.php?rest_route=\/wp\/v2\/types\/page"}],"author":[{"embeddable":true,"href":"https:\/\/mediaproductiv.de\/index.php?rest_route=\/wp\/v2\/users\/1"}],"replies":[{"embeddable":true,"href":"https:\/\/mediaproductiv.de\/index.php?rest_route=%2Fwp%2Fv2%2Fcomments&post=126"}],"version-history":[{"count":212,"href":"https:\/\/mediaproductiv.de\/index.php?rest_route=\/wp\/v2\/pages\/126\/revisions"}],"predecessor-version":[{"id":2425,"href":"https:\/\/mediaproductiv.de\/index.php?rest_route=\/wp\/v2\/pages\/126\/revisions\/2425"}],"wp:attachment":[{"href":"https:\/\/mediaproductiv.de\/index.php?rest_route=%2Fwp%2Fv2%2Fmedia&parent=126"}],"curies":[{"name":"wp","href":"https:\/\/api.w.org\/{rel}","templated":true}]}}