{"id":1371,"date":"2022-07-29T10:46:31","date_gmt":"2022-07-29T10:46:31","guid":{"rendered":"http:\/\/mediaproductiv.de\/?page_id=1371"},"modified":"2025-03-11T14:27:13","modified_gmt":"2025-03-11T14:27:13","slug":"werbung-am-pos-durch-ladenfunk","status":"publish","type":"page","link":"https:\/\/mediaproductiv.de\/?page_id=1371","title":{"rendered":"Werbung am POS durch Ladenfunk"},"content":{"rendered":"\n<p>Bis vor einiger Zeit schien es, als w\u00e4ren  die guten alten Ladenfunkspots, die man normalerweise im Supermarkt h\u00f6rt, weniger geworden. Das hat sich wohl wieder in die andere Richtung gedreht. Es spricht daf\u00fcr, dass diese Spots, zumeist eingebunden in ein Musikprogramm, wieder die Wertsch\u00e4tzung erfahren, die sie verdient haben. Und ja es stimmt : Die positive Wirkung eines gut konzeptionierten Instore Programms auf die Kundschaft ist unter Fachleuten unbestritten. Die wichtigsten Pluspunkte eines solchen Programms sind :<\/p>\n\n\n\n<ul class=\"wp-block-list\">\n<li>Es wirkt Verkaufsf\u00f6rdernd allein durch eine gute Musikauswahl da so die Verweildauer erh\u00f6ht wird,<\/li>\n\n\n\n<li>Es verst\u00e4rkt den Impulskauf durch geeignete Spots und erh\u00f6ht den Umsatz,<\/li>\n\n\n\n<li>Es ist potentiell eine Informationsquelle f\u00fcr Kunden und Mitarbeiter,<\/li>\n\n\n\n<li>Instore Radio kann vermarktet werden und finanziert sich so letztlich selbst.<\/li>\n<\/ul>\n\n\n\n<p>media productiv verf\u00fcgt seit vielen Jahren \u00fcber reichlich Erfahrung in diesem Segment der POS Werbung. Unsere Kunden seinerzeit : Marktkauf, Agip, IKEA, L\u00fcning, NOVO und andere. Wir m\u00f6chten diesen Bereich wieder &#8222;hochfahren&#8220;. Neue Kunden profitieren nach wie vor von unserem Know-How. So haben z.B. unsere Spots bei einem Vergleich mit anderem in Bezug auf Wahrnehmung hervorragend abgeschnitten. Der Wahrnehmungsgrad unserer Spots lag bei einer Untersuchung im Jahre 2005 (NOVO) gegen\u00fcber den anderen um 25 % h\u00f6her (60 zu 35 ). Lassen Sie sich von uns beraten, wir entwickeln f\u00fcr Sie ein Programm, dass durch eine spezielle Signatur unvergleichbar ist, Ihren Kunden gut tut und gleichzeitig ihren Umsatz erh\u00f6ht. <\/p>\n\n\n\n<figure class=\"wp-block-image size-full\"><img loading=\"lazy\" decoding=\"async\" width=\"900\" height=\"375\" src=\"http:\/\/mediaproductiv.de\/wp-content\/uploads\/2022\/07\/supermarkt-teaser-2.jpg\" alt=\"\" class=\"wp-image-1375\" srcset=\"https:\/\/mediaproductiv.de\/wp-content\/uploads\/2022\/07\/supermarkt-teaser-2.jpg 900w, https:\/\/mediaproductiv.de\/wp-content\/uploads\/2022\/07\/supermarkt-teaser-2-600x250.jpg 600w, https:\/\/mediaproductiv.de\/wp-content\/uploads\/2022\/07\/supermarkt-teaser-2-300x125.jpg 300w, https:\/\/mediaproductiv.de\/wp-content\/uploads\/2022\/07\/supermarkt-teaser-2-768x320.jpg 768w\" sizes=\"auto, (max-width: 900px) 100vw, 900px\" \/><\/figure>\n","protected":false},"excerpt":{"rendered":"<p>Bis vor einiger Zeit schien es, als w\u00e4ren die guten alten Ladenfunkspots, die man normalerweise im Supermarkt h\u00f6rt, weniger geworden. Das hat sich wohl wieder in die andere Richtung gedreht. Es spricht daf\u00fcr, dass diese Spots, zumeist eingebunden in ein&hellip; <\/p>\n","protected":false},"author":1,"featured_media":0,"parent":0,"menu_order":0,"comment_status":"closed","ping_status":"closed","template":"","meta":{"ngg_post_thumbnail":0,"jetpack_post_was_ever_published":false,"footnotes":""},"class_list":["post-1371","page","type-page","status-publish","hentry"],"jetpack_sharing_enabled":true,"jetpack_shortlink":"https:\/\/wp.me\/P7o17P-m7","_links":{"self":[{"href":"https:\/\/mediaproductiv.de\/index.php?rest_route=\/wp\/v2\/pages\/1371","targetHints":{"allow":["GET"]}}],"collection":[{"href":"https:\/\/mediaproductiv.de\/index.php?rest_route=\/wp\/v2\/pages"}],"about":[{"href":"https:\/\/mediaproductiv.de\/index.php?rest_route=\/wp\/v2\/types\/page"}],"author":[{"embeddable":true,"href":"https:\/\/mediaproductiv.de\/index.php?rest_route=\/wp\/v2\/users\/1"}],"replies":[{"embeddable":true,"href":"https:\/\/mediaproductiv.de\/index.php?rest_route=%2Fwp%2Fv2%2Fcomments&post=1371"}],"version-history":[{"count":12,"href":"https:\/\/mediaproductiv.de\/index.php?rest_route=\/wp\/v2\/pages\/1371\/revisions"}],"predecessor-version":[{"id":2429,"href":"https:\/\/mediaproductiv.de\/index.php?rest_route=\/wp\/v2\/pages\/1371\/revisions\/2429"}],"wp:attachment":[{"href":"https:\/\/mediaproductiv.de\/index.php?rest_route=%2Fwp%2Fv2%2Fmedia&parent=1371"}],"curies":[{"name":"wp","href":"https:\/\/api.w.org\/{rel}","templated":true}]}}