{"id":1633,"date":"2023-04-25T10:57:41","date_gmt":"2023-04-25T10:57:41","guid":{"rendered":"https:\/\/mediaproductiv.de\/?page_id=1633"},"modified":"2024-08-26T08:31:53","modified_gmt":"2024-08-26T08:31:53","slug":"video-produktionen-2","status":"publish","type":"page","link":"https:\/\/mediaproductiv.de\/?page_id=1633","title":{"rendered":"Video Produktionen"},"content":{"rendered":"\n<div class=\"video_head\" style=\"background-image:url('https:\/\/mediaproductiv.de\/wp-content\/uploads\/2021\/12\/slider-mark-2.png');\"><p>Werbung<\/p><\/div>\n<div class=\"video_container\">\n<a href=\"\/?page_id=1699\">Image Filme<\/a>\n<a href=\"\/?page_id=1445\">Recruiting<\/a>\n<a href=\"\/?page_id=1431\">Video-Trailer f\u00fcr Veranstaltungen<\/a>\n<a href=\"\/?page_id=626\">Bewerbungsvideos<\/a>\n<a href=\"\/?page_id=1543\">Werbevideos f\u00fcr Websites<\/a>\n<a href=\"\/?page_id=1551\">LetsJustMeet Spots<\/a>\n<\/div>\n<br><br>\n\n\n\n<div class=\"video_head\" style=\"background-image:url('https:\/\/mediaproductiv.de\/wp-content\/uploads\/2020\/06\/jesus-loves-austin-0O0gux4OZX4-unsplash-scaled.jpg');\"><p>Diverses<\/p><\/div>\n<div class=\"video_container\">\n<a href=\"\/?page_id=1673\">Dienstleister f\u00fcr Senderbeitr\u00e4ge<\/a>\n<a href=\"\/?page_id=1456\">Medienworkshops in KITAs<\/a>\n<a href=\"\/?page_id=126\">&#8222;Das ist los in Rheda-Wiedenbr\u00fcck&#8220;<\/a>\n<a href=\"\/?page_id=1515\">Musik Videos<\/a>\n<a href=\"\/?page_id=843\">Neues von damals<\/a>\n<a href=\"\/?page_id=2331\">3D Visualisierung<\/a>\n<\/div>\n<br><br>\n\n\n\n<div class=\"video_head\" style=\"background-image:url('https:\/\/mediaproductiv.de\/wp-content\/uploads\/2021\/12\/slider-mark.png');\"><p>Comedy\/Unterhaltung<\/p><\/div>\n<div class=\"video_container\">\n<a href=\"\/?page_id=1627\">Eilmeldung<\/a>\n<a href=\"\/?page_id=1548\">Verschiedenes<\/a>\n<\/div>\n<br><br>\n","protected":false},"excerpt":{"rendered":"<p>Werbung Image Filme Recruiting Video-Trailer f\u00fcr Veranstaltungen Bewerbungsvideos Werbevideos f\u00fcr Websites LetsJustMeet Spots Diverses Dienstleister f\u00fcr Senderbeitr\u00e4ge Medienworkshops in KITAs &#8222;Das ist los in Rheda-Wiedenbr\u00fcck&#8220; Musik Videos Neues von damals 3D Visualisierung Comedy\/Unterhaltung Eilmeldung Verschiedenes<\/p>\n","protected":false},"author":1,"featured_media":0,"parent":0,"menu_order":0,"comment_status":"closed","ping_status":"closed","template":"","meta":{"ngg_post_thumbnail":0,"jetpack_post_was_ever_published":false,"footnotes":""},"class_list":["post-1633","page","type-page","status-publish","hentry"],"jetpack_sharing_enabled":true,"jetpack_shortlink":"https:\/\/wp.me\/P7o17P-ql","_links":{"self":[{"href":"https:\/\/mediaproductiv.de\/index.php?rest_route=\/wp\/v2\/pages\/1633","targetHints":{"allow":["GET"]}}],"collection":[{"href":"https:\/\/mediaproductiv.de\/index.php?rest_route=\/wp\/v2\/pages"}],"about":[{"href":"https:\/\/mediaproductiv.de\/index.php?rest_route=\/wp\/v2\/types\/page"}],"author":[{"embeddable":true,"href":"https:\/\/mediaproductiv.de\/index.php?rest_route=\/wp\/v2\/users\/1"}],"replies":[{"embeddable":true,"href":"https:\/\/mediaproductiv.de\/index.php?rest_route=%2Fwp%2Fv2%2Fcomments&post=1633"}],"version-history":[{"count":27,"href":"https:\/\/mediaproductiv.de\/index.php?rest_route=\/wp\/v2\/pages\/1633\/revisions"}],"predecessor-version":[{"id":2334,"href":"https:\/\/mediaproductiv.de\/index.php?rest_route=\/wp\/v2\/pages\/1633\/revisions\/2334"}],"wp:attachment":[{"href":"https:\/\/mediaproductiv.de\/index.php?rest_route=%2Fwp%2Fv2%2Fmedia&parent=1633"}],"curies":[{"name":"wp","href":"https:\/\/api.w.org\/{rel}","templated":true}]}}