{"id":1650,"date":"2023-05-24T09:24:26","date_gmt":"2023-05-24T09:24:26","guid":{"rendered":"https:\/\/mediaproductiv.de\/?page_id=1650"},"modified":"2025-03-11T14:53:00","modified_gmt":"2025-03-11T14:53:00","slug":"praesentation-5","status":"publish","type":"page","link":"https:\/\/mediaproductiv.de\/?page_id=1650","title":{"rendered":"Pr\u00e4sentation"},"content":{"rendered":"\n<figure class=\"wp-block-image size-large\"><img loading=\"lazy\" decoding=\"async\" width=\"1024\" height=\"725\" src=\"https:\/\/mediaproductiv.de\/wp-content\/uploads\/2024\/05\/OWL-Show-Orange-mit-Da--1024x725.png\" alt=\"\" class=\"wp-image-2248\" srcset=\"https:\/\/mediaproductiv.de\/wp-content\/uploads\/2024\/05\/OWL-Show-Orange-mit-Da--1024x725.png 1024w, https:\/\/mediaproductiv.de\/wp-content\/uploads\/2024\/05\/OWL-Show-Orange-mit-Da--300x213.png 300w, https:\/\/mediaproductiv.de\/wp-content\/uploads\/2024\/05\/OWL-Show-Orange-mit-Da--768x544.png 768w, https:\/\/mediaproductiv.de\/wp-content\/uploads\/2024\/05\/OWL-Show-Orange-mit-Da--1536x1088.png 1536w, https:\/\/mediaproductiv.de\/wp-content\/uploads\/2024\/05\/OWL-Show-Orange-mit-Da--2048x1451.png 2048w\" sizes=\"auto, (max-width: 1024px) 100vw, 1024px\" \/><\/figure>\n\n\n\n<h1 class=\"wp-block-heading\"><strong>Da kannste nix von sagen<\/strong> !<br>die Show aus und f\u00fcr OWL.<\/h1>\n\n\n\n<p><\/p>\n\n\n\n<h2 class=\"wp-block-heading\"><strong>Zum Inhalt \u2013 die Idee<\/strong><\/h2>\n\n\n\n<p>Was z.B. Hamburg mit dem Musical \u201eK\u00f6nig der L\u00f6wen\u201c hat, nun das werden wir in<br>Ostwestfalen bald auch haben und noch besser die Show die bei uns in OWL<br>pr\u00e4sentiert wird, hat ganz viel mit der Gegend und den Menschen, die ihr<br>entstammen zu tun. In knapp 2 Stunden werden wir K\u00fcnstler und Besonderheiten<br>aus der Region erleben die Musik machen, uns zum Lachen bringen, in Bewegung<br>bringen und vieles mehr. Da reicht es manchmal ja schon, wenn man kleine<br>Szenen heraus arbeitet und zeigt, die bei uns eigentlich Alltag sind. Wir werden<br>aber auch neueste Beleuchtungstechnik, Video Einspielungen, Audio und Video<br>Effekte \u2013 kurz wir werden ein Multimedia Spektakel par exellence sehen, welches<br>die Show \u00fcberraschend anders als andere erscheinen l\u00e4sst. Durch das Programm<br>f\u00fchren 2 Moderatoren, die durch die Art zu moderieren ein neues Level schaffen &#8211;<br>lassen Sie sich \u00fcberraschen.<br>Ach ja, eine echte Parallele zu K\u00f6nig der L\u00f6wen in Hamburg wird es allerdings<br>geben. Wir werden Paaren und Familien Angebote machen, d.h. es k\u00f6nnen<br>Komplettangebote gebucht werden mit \u00dcbernachtung und zuvor ein OWL Buffet<br>und anschlie\u00dfend eine z\u00fcnftige Party.<br>Es wird auch, nicht zuletzt aus Kostengr\u00fcnden, nur einen Spielort geben und eine<br>begrenzte Spielzeit, da viele der K\u00fcnstler, die in der Show auftreten selber Auftritte<br>haben. Dies zu koordinieren wir nicht leicht sein, ist aber machbar.<br><\/p>\n\n\n\n<p><strong>Die Show f\u00fcr einen guten Zweck<\/strong><\/p>\n\n\n\n<p><br>Damit nicht der Eindruck entsteht, da machen sich gierige Medienschaffende nur<br>wieder ihre Taschen voll, wird ein Teil der Einnahmen gespendet.<br><\/p>\n\n\n\n<p><\/p>\n\n\n\n<p><strong>Die Kosten<\/strong><\/p>\n\n\n\n<p><br>Buch, Regie, Probephase inkl. Darstellern und Technikern 18 Tage gesamt inkl. Anschaffung Equipment (Technik) ca. 150 000 \u20ac<\/p>\n\n\n\n<p><br>Pro Show bei 15 Darstellern und Personal Technik und Catering etc. ca. 27.000 \u20ac<br><\/p>\n\n\n\n<p><strong>Die Einnahmen<\/strong><\/p>\n\n\n\n<p><br>\u2013 F\u00f6rdermittel<br>\u2013 Sponsoren<br>\u2013 Spenden<br>\u2013 Kartenverkauf<br>\u2013 Sonstige Vermarktung<\/p>\n\n\n\n<p><br><em><strong>Idee und Konzept K.-D. Richter \u2013 media productiv\/04-202<\/strong><\/em><strong><em>4<\/em><\/strong><\/p>\n","protected":false},"excerpt":{"rendered":"<p>Da kannste nix von sagen !die Show aus und f\u00fcr OWL. Zum Inhalt \u2013 die Idee Was z.B. Hamburg mit dem Musical \u201eK\u00f6nig der L\u00f6wen\u201c hat, nun das werden wir inOstwestfalen bald auch haben und noch besser die Show die&hellip; <\/p>\n","protected":false},"author":1,"featured_media":0,"parent":0,"menu_order":0,"comment_status":"closed","ping_status":"closed","template":"","meta":{"ngg_post_thumbnail":0,"jetpack_post_was_ever_published":false,"footnotes":""},"class_list":["post-1650","page","type-page","status-publish","hentry"],"jetpack_sharing_enabled":true,"jetpack_shortlink":"https:\/\/wp.me\/P7o17P-qC","_links":{"self":[{"href":"https:\/\/mediaproductiv.de\/index.php?rest_route=\/wp\/v2\/pages\/1650","targetHints":{"allow":["GET"]}}],"collection":[{"href":"https:\/\/mediaproductiv.de\/index.php?rest_route=\/wp\/v2\/pages"}],"about":[{"href":"https:\/\/mediaproductiv.de\/index.php?rest_route=\/wp\/v2\/types\/page"}],"author":[{"embeddable":true,"href":"https:\/\/mediaproductiv.de\/index.php?rest_route=\/wp\/v2\/users\/1"}],"replies":[{"embeddable":true,"href":"https:\/\/mediaproductiv.de\/index.php?rest_route=%2Fwp%2Fv2%2Fcomments&post=1650"}],"version-history":[{"count":14,"href":"https:\/\/mediaproductiv.de\/index.php?rest_route=\/wp\/v2\/pages\/1650\/revisions"}],"predecessor-version":[{"id":2433,"href":"https:\/\/mediaproductiv.de\/index.php?rest_route=\/wp\/v2\/pages\/1650\/revisions\/2433"}],"wp:attachment":[{"href":"https:\/\/mediaproductiv.de\/index.php?rest_route=%2Fwp%2Fv2%2Fmedia&parent=1650"}],"curies":[{"name":"wp","href":"https:\/\/api.w.org\/{rel}","templated":true}]}}