{"id":1699,"date":"2023-08-10T09:47:32","date_gmt":"2023-08-10T09:47:32","guid":{"rendered":"https:\/\/mediaproductiv.de\/?page_id=1699"},"modified":"2025-03-11T14:03:13","modified_gmt":"2025-03-11T14:03:13","slug":"image-filme","status":"publish","type":"page","link":"https:\/\/mediaproductiv.de\/?page_id=1699","title":{"rendered":"Image Filme"},"content":{"rendered":"<h2 class=\"wp-block-heading\">Image Film f\u00fcr GSM Herford<\/h2>\n<div class=\"jetpack-video-wrapper\"><span class=\"embed-youtube\" style=\"text-align:center; display: block;\"><iframe loading=\"lazy\" class=\"youtube-player\" width=\"642\" height=\"362\" src=\"https:\/\/www.youtube.com\/embed\/5wPFp0Y-liE?version=3&#038;rel=1&#038;showsearch=0&#038;showinfo=1&#038;iv_load_policy=1&#038;fs=1&#038;hl=de-DE&#038;autohide=2&#038;wmode=transparent\" allowfullscreen=\"true\" style=\"border:0;\" sandbox=\"allow-scripts allow-same-origin allow-popups allow-presentation allow-popups-to-escape-sandbox\"><\/iframe><\/span><\/div>\n<h2 class=\"wp-block-heading\">Was bringt ein gut gemachter Imagefilm f\u00fcr ihr Unternehmen ?<\/h2>\n<div>\n<p>In der heutigen digitalen \u00c4ra spielt die visuelle Darstellung eine entscheidende Rolle bei der Kommunikation Ihrer Unternehmensidentit\u00e4t und -werte. Ein Imagefilm bietet eine einzigartige M\u00f6glichkeit, Ihre Botschaft auf kraftvolle und ansprechende Weise zu pr\u00e4sentieren. Hier sind einige \u00fcberzeugende Vorteile, die ein Imagefilm f\u00fcr Ihr Unternehmen bereith\u00e4lt:<\/p>\n<ol>\n<li><strong>Emotionale Bindung schaffen:<\/strong> Ein Imagefilm erm\u00f6glicht es, Ihr Unternehmen nicht nur als Dienstleister, sondern als lebendige Identit\u00e4t darzustellen. Durch bewegte Bilder, Musik und Erz\u00e4hlung k\u00f6nnen Sie eine emotionale Bindung zu Ihren Kunden aufbauen, die weit \u00fcber das hinausgeht, was mit blo\u00dfen Worten m\u00f6glich ist.<\/li>\n<li><strong>Authentizit\u00e4t vermitteln:<\/strong> Durch die Pr\u00e4sentation Ihrer Mitarbeiter, Arbeitsumgebung, O -T\u00f6ne und Ihrer Firmenkultur vermittelt ein Imagefilm Authentizit\u00e4t. Dies st\u00e4rkt das Vertrauen potenzieller Kunden und Partner, da sie einen Einblick in die echten Werte und die Pers\u00f6nlichkeit Ihres Unternehmens erhalten.<\/li>\n<li><strong>Effektive Markenpositionierung:<\/strong>&nbsp;Ein gut gestalteter Imagefilm erm\u00f6glicht es, Ihre Marke positiv zu positionieren. Sie k\u00f6nnen gezielt Aspekte hervorheben, die Ihr Unternehmen von Mitbewerbern abheben, sei es Innovationskraft, soziales Engagement oder Qualit\u00e4tsstandards.<\/li>\n<li><strong>Kundenbindung und Neukundengewinnung:<\/strong>&nbsp;Visuelle Inhalte haben eine hohe Wirkung und bleiben besser im Ged\u00e4chtnis. Ein Imagefilm tr\u00e4gt dazu bei, Ihre Botschaft l\u00e4ngerfristig im Bewusstsein Ihrer Zielgruppe zu verankern. Zudem kann er als effektives Instrument bei der Neukundengewinnung dienen, da er Interessenten auf eine ansprechende Art und Weise von Ihrem Unternehmen \u00fcberzeugt.<\/li>\n<li><strong>Multichannel-Verf\u00fcgbarkeit:<\/strong> Ein Imagefilm kann vielseitig eingesetzt werden, sei es auf Ihrer Website, in Pr\u00e4sentationen, auf Messen oder in sozialen Medien. Die Multichannel-Verf\u00fcgbarkeit sorgt daf\u00fcr, dass Ihre Botschaft auf unterschiedlichen Plattformen und in verschiedenen Kontexten wirksam ist.<\/li>\n<li><strong>Effiziente Kommunikation komplexer Inhalte:<\/strong>&nbsp;Komplexe Prozesse, Produkte oder Dienstleistungen lassen sich oft besser visuell erkl\u00e4ren. Ein Imagefilm bietet die M\u00f6glichkeit, auch schwierige Sachverhalte verst\u00e4ndlich und ansprechend zu pr\u00e4sentieren.<\/li>\n<\/ol>\n<p>Investieren Sie in einen qualitativ hochwertigen Imagefilm, und Sie werden die Kraft dieses Mediums nutzen, um Ihr Unternehmen erfolgreich zu pr\u00e4sentieren und Ihre Zielgruppe nachhaltig zu beeindrucken. Imagefilme sind nicht nur ein Marketinginstrument, sondern auch ein Schl\u00fcssel zur Schaffung einer starken, authentischen Unternehmensidentit\u00e4t.<\/p>\n<\/div>\n<div>&nbsp;<\/div>\n","protected":false},"excerpt":{"rendered":"<p>Image Film f\u00fcr GSM Herford Was bringt ein gut gemachter Imagefilm f\u00fcr ihr Unternehmen ? In der heutigen digitalen \u00c4ra spielt die visuelle Darstellung eine entscheidende Rolle bei der Kommunikation Ihrer Unternehmensidentit\u00e4t und -werte. Ein Imagefilm bietet eine einzigartige M\u00f6glichkeit,&hellip; <\/p>\n","protected":false},"author":1,"featured_media":0,"parent":0,"menu_order":0,"comment_status":"closed","ping_status":"closed","template":"","meta":{"ngg_post_thumbnail":0,"jetpack_post_was_ever_published":false,"footnotes":""},"class_list":["post-1699","page","type-page","status-publish","hentry"],"jetpack_sharing_enabled":true,"jetpack_shortlink":"https:\/\/wp.me\/P7o17P-rp","_links":{"self":[{"href":"https:\/\/mediaproductiv.de\/index.php?rest_route=\/wp\/v2\/pages\/1699","targetHints":{"allow":["GET"]}}],"collection":[{"href":"https:\/\/mediaproductiv.de\/index.php?rest_route=\/wp\/v2\/pages"}],"about":[{"href":"https:\/\/mediaproductiv.de\/index.php?rest_route=\/wp\/v2\/types\/page"}],"author":[{"embeddable":true,"href":"https:\/\/mediaproductiv.de\/index.php?rest_route=\/wp\/v2\/users\/1"}],"replies":[{"embeddable":true,"href":"https:\/\/mediaproductiv.de\/index.php?rest_route=%2Fwp%2Fv2%2Fcomments&post=1699"}],"version-history":[{"count":16,"href":"https:\/\/mediaproductiv.de\/index.php?rest_route=\/wp\/v2\/pages\/1699\/revisions"}],"predecessor-version":[{"id":2418,"href":"https:\/\/mediaproductiv.de\/index.php?rest_route=\/wp\/v2\/pages\/1699\/revisions\/2418"}],"wp:attachment":[{"href":"https:\/\/mediaproductiv.de\/index.php?rest_route=%2Fwp%2Fv2%2Fmedia&parent=1699"}],"curies":[{"name":"wp","href":"https:\/\/api.w.org\/{rel}","templated":true}]}}