{"id":2256,"date":"2024-08-02T15:48:30","date_gmt":"2024-08-02T15:48:30","guid":{"rendered":"https:\/\/mediaproductiv.de\/?page_id=2256"},"modified":"2024-08-02T16:19:54","modified_gmt":"2024-08-02T16:19:54","slug":"formate","status":"publish","type":"page","link":"https:\/\/mediaproductiv.de\/?page_id=2256","title":{"rendered":"Formate"},"content":{"rendered":"\n<p>Hier zwei Formate, die in Zusammenarbeit mit der Altstadt Initiative Rheda im Domhof durchgef\u00fchrt werden k\u00f6nnte<\/p>\n\n\n\n<p><strong>A. Der Video Podcast f\u00fcr Rheda-Wiedenbr\u00fcck<\/strong><\/p>\n\n\n\n<ul class=\"wp-block-list\">\n<li>&#8211; Einmal im Monat &#8211; in der Woche &#8211; pausiert in den Sommermonaten<\/li>\n\n\n\n<li>&#8211; Hat durch Live Veranstaltung aber vor allem durch die digitale Verbreitung in den bekannten Kan\u00e4len eine enorme Reichweite<\/li>\n\n\n\n<li>&#8211; hat das Potential Kult zu werden,<\/li>\n\n\n\n<li>&#8211; Kosten : Mindestens 1500 \u20ac inkl. Moderator und s\u00e4mtlicher Medienproduktion &#8211; Live Mitschnitt sowie Nachbearbeitung und Versendung- kalkuliert ist es eigentlich mit mindesten 2.800 \u20ac &#8211; Sponsoren ansprechen<\/li>\n\n\n\n<li>&#8211; Altstadt mit redaktioneller Mitsprache falls gew\u00fcnscht<\/li>\n<\/ul>\n\n\n\n<figure class=\"wp-block-image size-large\"><img loading=\"lazy\" decoding=\"async\" width=\"1024\" height=\"665\" src=\"https:\/\/mediaproductiv.de\/wp-content\/uploads\/2024\/08\/Podcast-1-1024x665.png\" alt=\"\" class=\"wp-image-2263\" srcset=\"https:\/\/mediaproductiv.de\/wp-content\/uploads\/2024\/08\/Podcast-1-1024x665.png 1024w, https:\/\/mediaproductiv.de\/wp-content\/uploads\/2024\/08\/Podcast-1-300x195.png 300w, https:\/\/mediaproductiv.de\/wp-content\/uploads\/2024\/08\/Podcast-1-768x499.png 768w, https:\/\/mediaproductiv.de\/wp-content\/uploads\/2024\/08\/Podcast-1-1536x998.png 1536w, https:\/\/mediaproductiv.de\/wp-content\/uploads\/2024\/08\/Podcast-1-2048x1330.png 2048w\" sizes=\"auto, (max-width: 1024px) 100vw, 1024px\" \/><\/figure>\n\n\n\n<p><strong>B.<\/strong> <strong>Dance the night away &#8211; so geht Tanz op de Deel heute .<\/strong><\/p>\n\n\n\n<ul class=\"wp-block-list\">\n<li>&#8211; einmal im Monat (Samstag oder Freitag)<\/li>\n\n\n\n<li>&#8211; Zielgruppe alle die Lust auf ein wenig Dorfdisko haben &#8211; jung und alt <\/li>\n\n\n\n<li>&#8211; Kosten f\u00fcr DJ und redaktionelle Vorbereitung sowie Bewerbung  600 \u20ac <\/li>\n\n\n\n<li>&#8211; Sponsoring m\u00f6glich <\/li>\n<\/ul>\n\n\n\n<figure class=\"wp-block-image size-large\"><img loading=\"lazy\" decoding=\"async\" width=\"1024\" height=\"724\" src=\"https:\/\/mediaproductiv.de\/wp-content\/uploads\/2024\/08\/2-1024x724.png\" alt=\"\" class=\"wp-image-2274\" srcset=\"https:\/\/mediaproductiv.de\/wp-content\/uploads\/2024\/08\/2-1024x724.png 1024w, https:\/\/mediaproductiv.de\/wp-content\/uploads\/2024\/08\/2-300x212.png 300w, https:\/\/mediaproductiv.de\/wp-content\/uploads\/2024\/08\/2-768x543.png 768w, https:\/\/mediaproductiv.de\/wp-content\/uploads\/2024\/08\/2-1536x1086.png 1536w, https:\/\/mediaproductiv.de\/wp-content\/uploads\/2024\/08\/2.png 1698w\" sizes=\"auto, (max-width: 1024px) 100vw, 1024px\" \/><\/figure>\n","protected":false},"excerpt":{"rendered":"<p>Hier zwei Formate, die in Zusammenarbeit mit der Altstadt Initiative Rheda im Domhof durchgef\u00fchrt werden k\u00f6nnte A. Der Video Podcast f\u00fcr Rheda-Wiedenbr\u00fcck B. Dance the night away &#8211; so geht Tanz op de Deel heute .<\/p>\n","protected":false},"author":1,"featured_media":0,"parent":0,"menu_order":0,"comment_status":"closed","ping_status":"closed","template":"","meta":{"ngg_post_thumbnail":0,"jetpack_post_was_ever_published":false,"footnotes":""},"class_list":["post-2256","page","type-page","status-publish","hentry"],"jetpack_sharing_enabled":true,"jetpack_shortlink":"https:\/\/wp.me\/P7o17P-Ao","_links":{"self":[{"href":"https:\/\/mediaproductiv.de\/index.php?rest_route=\/wp\/v2\/pages\/2256","targetHints":{"allow":["GET"]}}],"collection":[{"href":"https:\/\/mediaproductiv.de\/index.php?rest_route=\/wp\/v2\/pages"}],"about":[{"href":"https:\/\/mediaproductiv.de\/index.php?rest_route=\/wp\/v2\/types\/page"}],"author":[{"embeddable":true,"href":"https:\/\/mediaproductiv.de\/index.php?rest_route=\/wp\/v2\/users\/1"}],"replies":[{"embeddable":true,"href":"https:\/\/mediaproductiv.de\/index.php?rest_route=%2Fwp%2Fv2%2Fcomments&post=2256"}],"version-history":[{"count":8,"href":"https:\/\/mediaproductiv.de\/index.php?rest_route=\/wp\/v2\/pages\/2256\/revisions"}],"predecessor-version":[{"id":2275,"href":"https:\/\/mediaproductiv.de\/index.php?rest_route=\/wp\/v2\/pages\/2256\/revisions\/2275"}],"wp:attachment":[{"href":"https:\/\/mediaproductiv.de\/index.php?rest_route=%2Fwp%2Fv2%2Fmedia&parent=2256"}],"curies":[{"name":"wp","href":"https:\/\/api.w.org\/{rel}","templated":true}]}}