{"id":23,"date":"2016-09-05T09:46:07","date_gmt":"2016-09-05T09:46:07","guid":{"rendered":"http:\/\/mediaproductiv.de\/?page_id=23"},"modified":"2025-04-15T13:49:34","modified_gmt":"2025-04-15T13:49:34","slug":"web-sites","status":"publish","type":"page","link":"https:\/\/mediaproductiv.de\/?page_id=23","title":{"rendered":"Websites"},"content":{"rendered":"\n<p>Bei uns bekommen Sie genau die Web-Site, die zu Ihnen und Ihrer T\u00e4tigkeit passt und eine gute Au\u00dfenwirkung hat. Vom Konzept, \u00fcber die Produktion des Contents (Bilder , Texte etc.) bis hin zur Programmierung und Hosting. Das bedeutet f\u00fcr Sie, dass Sie eine komplette Homepage bekommen, alles aus einer Hand , alles mit einem Ansprechpartner denn so sollte es sein.<\/p>\n\n\n\n<div class=\"sport_post_container\">\n        <a href=\"https:\/\/owl-webvision.de\" target=\"_blank\">\n            <div class=\"sport_img_cutoff\">\n                <img decoding=\"async\" src=\"https:\/\/mediaproductiv.de\/wp-content\/uploads\/2020\/06\/owl-webvision.png\" loading=\"lazy\">\n            <\/div>\n            <div class=\"sport_post_cap\">owl-webvision.de<\/div>\n        <\/a>\n<\/div>\n<br><br>\n\n\n\n<div class=\"sport_post_container\">\n        <a href=\"https:\/\/www.landgasthof-rheda.de\/\" target=\"_blank\">\n            <div class=\"sport_img_cutoff\">\n                <img decoding=\"async\" src=\"https:\/\/mediaproductiv.de\/wp-content\/uploads\/2020\/06\/landgasthof-rheda.png\" loading=\"lazy\">\n            <\/div>\n            <div class=\"sport_post_cap\">landgasthof-rheda.de<\/div>\n        <\/a>\n<\/div>\n<br><br>\n\n\n\n<div class=\"sport_post_container\">\n        <a href=\"https:\/\/hug-kronfeld.de\/\" target=\"_blank\">\n            <div class=\"sport_img_cutoff\">\n                <img decoding=\"async\" src=\"https:\/\/mediaproductiv.de\/wp-content\/uploads\/2020\/06\/hug-kronfeld.png\" loading=\"lazy\">\n            <\/div>\n            <div class=\"sport_post_cap\">hug-kronfeld.de<\/div>\n        <\/a>\n<\/div>\n<br><br>\n\n\n\n<div class=\"sport_post_container\">\n        <a href=\"https:\/\/wohnzimmeramdoktorplatz.de\/\" target=\"_blank\">\n            <div class=\"sport_img_cutoff\">\n                <img decoding=\"async\" src=\"https:\/\/mediaproductiv.de\/wp-content\/uploads\/2020\/06\/wohnzimmer.png\" loading=\"lazy\">\n            <\/div>\n            <div class=\"sport_post_cap\">wohnzimmeramdoktorplatz.de<\/div>\n        <\/a>\n<\/div>\n<br>\n<br>\n\n\n\n<div class=\"sport_post_container\">\n        <a href=\"https:\/\/xn--bhlmeyers-landcafe-m6b.de\/\" target=\"_blank\">\n            <div class=\"sport_img_cutoff\">\n                <img decoding=\"async\" src=\"https:\/\/mediaproductiv.de\/wp-content\/uploads\/2020\/06\/buehlmeyers.png\" loading=\"lazy\">\n            <\/div>\n            <div class=\"sport_post_cap\">b\u00fchlmeyers-landcafe.de<\/div>\n        <\/a>\n<\/div>\n\n\n\n<style>\n.sport_container_v2{\ndisplay:grid;\ngrid-template-columns:1fr 1fr 1fr;\ngap:1em;\n}\n.sport_post_container a{\n    display:grid;\n    grid-template-columns:1fr;\n    grid-template-rows:250px auto;\n    height: 100%;\n    box-shadow: 3px 3px 4px white;\nborder:3px solid white;\n}\n.sport_post_container img{\n    transition:0.3s;\n    min-height:100%;\n    min-width:100%;\n    object-fit: cover;\n\n    \n}\n.sport_post_cap{\n        transition:0.3s;\n    color:white;\n    font-weight:light;\n    background:rgb(33, 80, 159);\n    margin:0px;\n    padding:5px 10px;\n    width:100%;\nfont-size:1.5em;\ntext-decoration:underline;\n}\n.sport_img_cutoff{ \n    height:250px;\n    overflow:hidden;\n    display:flex;\nalign-items: flex-start;\njustify-content: center;\n}\n.sport_post_container:hover img{\n    transition:0.3s;\n    min-width:110%;\n}\n.sport_post_container:hover .sport_post_cap{\n    transition:0.3s;\n    color:white;\n    background:rgb(33, 80, 159);\ntext-decoration:none;\n}\n.sport_post_container:hover a{\nborder:3px solid rgb(33, 80, 159);\nbox-shadow: 3px 3px 4px #bdbdbd;\n}\n@media (max-width:600px){ \n    .sport_container_v2{ \n        grid-template-columns:1fr !important;\n    }\n}\n@media (max-width:1100px){\n        .sport_container_v2{ \n        grid-template-columns:1fr 1fr;\n    }\n    \n}\n<\/style>\n","protected":false},"excerpt":{"rendered":"<p>Bei uns bekommen Sie genau die Web-Site, die zu Ihnen und Ihrer T\u00e4tigkeit passt und eine gute Au\u00dfenwirkung hat. Vom Konzept, \u00fcber die Produktion des Contents (Bilder , Texte etc.) bis hin zur Programmierung und Hosting. Das bedeutet f\u00fcr Sie,&hellip; <\/p>\n","protected":false},"author":1,"featured_media":1170,"parent":0,"menu_order":0,"comment_status":"closed","ping_status":"closed","template":"","meta":{"ngg_post_thumbnail":0,"jetpack_post_was_ever_published":false,"footnotes":""},"class_list":["post-23","page","type-page","status-publish","has-post-thumbnail","hentry"],"jetpack_sharing_enabled":true,"jetpack_shortlink":"https:\/\/wp.me\/P7o17P-n","_links":{"self":[{"href":"https:\/\/mediaproductiv.de\/index.php?rest_route=\/wp\/v2\/pages\/23","targetHints":{"allow":["GET"]}}],"collection":[{"href":"https:\/\/mediaproductiv.de\/index.php?rest_route=\/wp\/v2\/pages"}],"about":[{"href":"https:\/\/mediaproductiv.de\/index.php?rest_route=\/wp\/v2\/types\/page"}],"author":[{"embeddable":true,"href":"https:\/\/mediaproductiv.de\/index.php?rest_route=\/wp\/v2\/users\/1"}],"replies":[{"embeddable":true,"href":"https:\/\/mediaproductiv.de\/index.php?rest_route=%2Fwp%2Fv2%2Fcomments&post=23"}],"version-history":[{"count":52,"href":"https:\/\/mediaproductiv.de\/index.php?rest_route=\/wp\/v2\/pages\/23\/revisions"}],"predecessor-version":[{"id":2533,"href":"https:\/\/mediaproductiv.de\/index.php?rest_route=\/wp\/v2\/pages\/23\/revisions\/2533"}],"wp:featuredmedia":[{"embeddable":true,"href":"https:\/\/mediaproductiv.de\/index.php?rest_route=\/wp\/v2\/media\/1170"}],"wp:attachment":[{"href":"https:\/\/mediaproductiv.de\/index.php?rest_route=%2Fwp%2Fv2%2Fmedia&parent=23"}],"curies":[{"name":"wp","href":"https:\/\/api.w.org\/{rel}","templated":true}]}}