{"id":626,"date":"2019-07-22T13:09:34","date_gmt":"2019-07-22T13:09:34","guid":{"rendered":"http:\/\/mediaproductiv.de\/?page_id=626"},"modified":"2025-03-11T14:12:45","modified_gmt":"2025-03-11T14:12:45","slug":"bewerbungsvideos","status":"publish","type":"page","link":"https:\/\/mediaproductiv.de\/?page_id=626","title":{"rendered":"Bewerbungsvideos"},"content":{"rendered":"\n<figure class=\"wp-block-video\"><video controls src=\"https:\/\/mediaproductiv.de\/wp-content\/uploads\/2019\/07\/Mix-3.mp4\"><\/video><\/figure>\n\n\n\n<p><span style=\"color: #ffcc00;\"><strong>Bewerbungsvideo Kerstin Weber<\/strong><\/span><\/p>\n\n\n\n<p><strong>Warum Bewerbungsvideos ?<\/strong><\/p>\n\n\n\n<p>Wir erstellen individuelle Bewerbungsvideos . In diesen speziellen Segment verf\u00fcgen wir \u00fcber reichlich Erfahrung, denn bereits 2000 \u2013 2006 haben wir \u00fcber unser Seite Bewerbungsvideo.net jede Menge Bewerbungsvideos erstellt. Das Besondere an einem Bewerbungsvideo ist, dass der Personaler erg\u00e4nzend zu den sonstigen Bewerbungsunterlagen nochmal einen wichtigen audiovisuellen Input f\u00fcr seine Entscheidung bekommt. Der Bewerber indes, kann durch ein gutes Video h\u00f6here Aufmerksamkeit erzeugen und die Chancen f\u00fcr eine Einladung zum Bewerbungsgespr\u00e4ch erheblich vergr\u00f6\u00dfern. Wir coachen unsere Bewerber solange, bis wir die f\u00fcr den Teilnehmer optimale Performance erreichen. Dabei geht es nicht um Hochglanz oder tolle Effekte &#8211; es geht um Authentizit\u00e4t. Wenn Sie ein Bewerbungsvideo bei uns machen wollen, dann machen wir ein Angebot.<\/p>\n\n\n\n<p>Unser Angebot an Jobcenter und Bildungstr\u00e4ger :<\/p>\n\n\n\n<p>Gerne machen wir auch Gruppen Coachings zum Thema. Lassen Sie sich ein Angebot von uns machen;: 05242-4049624, oder Email: mediaproductiv@gmx.de<\/p>\n","protected":false},"excerpt":{"rendered":"<p>Bewerbungsvideo Kerstin Weber Warum Bewerbungsvideos ? Wir erstellen individuelle Bewerbungsvideos . In diesen speziellen Segment verf\u00fcgen wir \u00fcber reichlich Erfahrung, denn bereits 2000 \u2013 2006 haben wir \u00fcber unser Seite Bewerbungsvideo.net jede Menge Bewerbungsvideos erstellt. Das Besondere an einem Bewerbungsvideo&hellip; <\/p>\n","protected":false},"author":1,"featured_media":0,"parent":0,"menu_order":0,"comment_status":"closed","ping_status":"closed","template":"","meta":{"ngg_post_thumbnail":0,"jetpack_post_was_ever_published":false,"footnotes":""},"class_list":["post-626","page","type-page","status-publish","hentry"],"jetpack_sharing_enabled":true,"jetpack_shortlink":"https:\/\/wp.me\/P7o17P-a6","_links":{"self":[{"href":"https:\/\/mediaproductiv.de\/index.php?rest_route=\/wp\/v2\/pages\/626","targetHints":{"allow":["GET"]}}],"collection":[{"href":"https:\/\/mediaproductiv.de\/index.php?rest_route=\/wp\/v2\/pages"}],"about":[{"href":"https:\/\/mediaproductiv.de\/index.php?rest_route=\/wp\/v2\/types\/page"}],"author":[{"embeddable":true,"href":"https:\/\/mediaproductiv.de\/index.php?rest_route=\/wp\/v2\/users\/1"}],"replies":[{"embeddable":true,"href":"https:\/\/mediaproductiv.de\/index.php?rest_route=%2Fwp%2Fv2%2Fcomments&post=626"}],"version-history":[{"count":12,"href":"https:\/\/mediaproductiv.de\/index.php?rest_route=\/wp\/v2\/pages\/626\/revisions"}],"predecessor-version":[{"id":2421,"href":"https:\/\/mediaproductiv.de\/index.php?rest_route=\/wp\/v2\/pages\/626\/revisions\/2421"}],"wp:attachment":[{"href":"https:\/\/mediaproductiv.de\/index.php?rest_route=%2Fwp%2Fv2%2Fmedia&parent=626"}],"curies":[{"name":"wp","href":"https:\/\/api.w.org\/{rel}","templated":true}]}}